{"id":3214,"date":"2022-09-05T16:25:45","date_gmt":"2022-09-05T14:25:45","guid":{"rendered":"https:\/\/www.jubmoenster.de\/solo-exhibitions\/"},"modified":"2025-10-13T18:21:20","modified_gmt":"2025-10-13T16:21:20","slug":"solo-exhibitions","status":"publish","type":"page","link":"https:\/\/www.jubmoenster.de\/en\/solo-exhibitions\/","title":{"rendered":"Solo exhibitions"},"content":{"rendered":"<p>2026<br \/>\nGalerie Kersten, M\u00fcnchen<\/p>\n<p>2025<br \/>\nGalerie Friedmann-Hahn, Berlin<\/p>\n<p>2024<br \/>\n&#8216;Blues&#8217;, Landesmuseum im Schlo\u00df, Oldenburg (mit Katja Liebmann)<br \/>\nGalerie M\u00fchlfeld &amp; Stohrer, Frankfurt<\/p>\n<p>2023<br \/>\nMaison Heinrich Heine, Paris<br \/>\nGalerie Holthoff, Hamburg<br \/>\nGalerie Kramer, Bremen<br \/>\nGalerie Andreas Lendl, Austria<\/p>\n<p>2022<br \/>\nGalerie Moderne, Bad Zwischenahn<br \/>\nGalerie Holthoff, Hamburg<br \/>\nGalerie M\u00fchlfeld &amp; Stohrer, Frankfurt<\/p>\n<p>2020<br \/>\nGalerie Kramer, Bremen<br \/>\nGalerie M\u00fchlfeld &amp; Stohrer, Frankfurt<\/p>\n<p>2019<br \/>\nKunstverein Eschwege<br \/>\nGalerie Schemm, M\u00fcnster<br \/>\nHaus der Kunst, Graz<br \/>\nGalerie G\u00f6ttinger Verlag der Kunst<\/p>\n<p>2018<br \/>\nGalerie Moderne, Bad Zwischenahn<br \/>\nGalerie Klose, Essen<br \/>\nGalerie Gerlach Sottrum<br \/>\nKunstverein Rotenburg (in den Stadtwerken Rotenburg)<br \/>\nGalerie M\u00fchlfeld &amp; Stohrer, Frankfurt<\/p>\n<p>2017<br \/>\nGalerie Kramer, Bremen<br \/>\nArtfein Gallery, Berlin<br \/>\nGalerie Holthoff Mokross, Hamburg<\/p>\n<p>2016<br \/>\n&#8216;Doppeldotter&#8217;, Kunstverein Potsdam<br \/>\nGalerie Wildeshausen<br \/>\nWerkstatt-Galerie, Gelsenkirchen<\/p>\n<p>2015<br \/>\n&#8216;Gaz de Paris&#8217;, Antiquariat und Galerie Seitenblick, Bremen<br \/>\n&#8216;M\u00f6rtelmaker&#8217;, tempor\u00e4re Installation, Hamburg, Behringstra\u00dfe 38<br \/>\nHolthoff-Mokross Galerie, Hamburg<\/p>\n<p>2014<br \/>\nArt Unit, D\u00fcsseldorf<br \/>\nGalerie Holthoff-Mokross, Hamburg<br \/>\nGalerie M\u00fchlfeld &amp; Stohrer, Frankfurt<\/p>\n<p>2013<br \/>\nGalerie Kulturboden, Scharnebeck<br \/>\nVilla Ichon, Bremen<br \/>\nGalerie M\u00fchlfeld &amp; Stohrer, Frankfurt<\/p>\n<p>2012<br \/>\nGalerie K\u00fchn, Lilienthal<br \/>\nGalerie M\u00fchlfeld &amp; Stohrer, Frankfurt a.\/M.<br \/>\nPalais Rastede, Rastede<\/p>\n<p>2011<br \/>\nGalerie Anna-Maria Burger, M\u00fcnchen<br \/>\nKunstforum Commerzial Treuhand, Oldenburg<\/p>\n<p>2010<br \/>\nKunstverein Kaponier, Vechta<br \/>\nGalerie Klose, Essen<br \/>\nVilla Ichon, Bremen<\/p>\n<p>2009<br \/>\nKunstkreis Hameln<br \/>\nGalerie Rossella Junck, Berlin<br \/>\n&#8216;Art Walk&#8217;, Hart Gallery, Palm Desert, USA<br \/>\n&#8216;Streetlife&#8217;, Kunstfoyer am Langenweg, Oldenburg<\/p>\n<p>2008<br \/>\nGalerie Anna-Maria Burger, M\u00fcnchen<br \/>\nGalerie Klose, Essen<br \/>\nGalerie M\u00fchlfeld &amp; Stohrer, Frankfurt<br \/>\nVilla Ichon, Bremen<\/p>\n<p>2007<br \/>\nGalerie K\u00fchn, Berlin<br \/>\nGalerie K\u00fchn, Lilienthal<br \/>\nGalerie Rossella Junck, Berlin<\/p>\n<p>2006<br \/>\nGalerie Kunst\u00fcck, Oldenburg<\/p>\n<p>2005<br \/>\nGalerie K\u00fchn, Berlin<\/p>\n<p>2004<br \/>\nGalerie K\u00fchn, Lilienthal<br \/>\nGalerie Augenart, Hamburg<\/p>\n<p>2003<br \/>\nMedienzentrum Bremen<\/p>\n<p>2002<br \/>\nSt\u00e4dtische Galerie im Buntentor, Bremen<br \/>\nDeutsches Filmmuseum, Frankfurt<\/p>\n<p>2000<br \/>\nGalerie Atelier 49, Vallauris, Frankreich<br \/>\nLoge zum silbernen Schl\u00fcssel, Bremen<\/p>\n<p>1999<br \/>\nGalerie K\u00fchn, Lilienthal<br \/>\nGalerie K\u00fchn, Berlin<\/p>\n<p>1997<br \/>\nSt. Pauli Stift, Bremen<br \/>\nGraphothek, Bremen<\/p>\n<p>1996<br \/>\nKunstverein Nordenham<br \/>\nGalerie Tafelski, Berlin<\/p>\n<p>1994<br \/>\nStadtmuseum Oldenburg<\/p>\n<p>1993<br \/>\nGalerie K\u00fchn, Lilienthal<\/p>\n<p>1991<br \/>\nGalerie Dahlem Dorf, Berlin<\/p>\n<p>1988<br \/>\nGalerie K\u00fchn, Lilienthal<br \/>\nGalerie Beim Steinernen Kreuz, Bremen<br \/>\nGalerie d&#8217;Or, Oldenburg<\/p>\n<p>1983<br \/>\nK\u00fcstenmuseum Wilhelmshaven<br \/>\nGalerie in der B\u00f6ttcherstra\u00dfe, Bremen<\/p>\n<p>1982<br \/>\nGalerie Brauer, Rotenburg<\/p>\n<p>1981<br \/>\nGalerie Gruppe Gr\u00fcn, Bremen<\/p>\n<p>1977<br \/>\nGalerie Prisma, Bovenden<\/p>\n<p>1972<br \/>\nKleine Galerie, Oldenburg<\/p>\n","protected":false},"excerpt":{"rendered":"<p>2026 Galerie Kersten, M\u00fcnchen 2025 Galerie Friedmann-Hahn, Berlin 2024 &#8216;Blues&#8217;, Landesmuseum im Schlo\u00df, Oldenburg (mit [&hellip;]<\/p>\n","protected":false},"author":1,"featured_media":0,"parent":0,"menu_order":0,"comment_status":"closed","ping_status":"closed","template":"","meta":{"footnotes":""},"class_list":["post-3214","page","type-page","status-publish","hentry"],"_links":{"self":[{"href":"https:\/\/www.jubmoenster.de\/en\/wp-json\/wp\/v2\/pages\/3214","targetHints":{"allow":["GET"]}}],"collection":[{"href":"https:\/\/www.jubmoenster.de\/en\/wp-json\/wp\/v2\/pages"}],"about":[{"href":"https:\/\/www.jubmoenster.de\/en\/wp-json\/wp\/v2\/types\/page"}],"author":[{"embeddable":true,"href":"https:\/\/www.jubmoenster.de\/en\/wp-json\/wp\/v2\/users\/1"}],"replies":[{"embeddable":true,"href":"https:\/\/www.jubmoenster.de\/en\/wp-json\/wp\/v2\/comments?post=3214"}],"version-history":[{"count":6,"href":"https:\/\/www.jubmoenster.de\/en\/wp-json\/wp\/v2\/pages\/3214\/revisions"}],"predecessor-version":[{"id":4482,"href":"https:\/\/www.jubmoenster.de\/en\/wp-json\/wp\/v2\/pages\/3214\/revisions\/4482"}],"wp:attachment":[{"href":"https:\/\/www.jubmoenster.de\/en\/wp-json\/wp\/v2\/media?parent=3214"}],"curies":[{"name":"wp","href":"https:\/\/api.w.org\/{rel}","templated":true}]}}